{"id":860,"date":"2020-12-28T15:27:14","date_gmt":"2020-12-28T15:27:14","guid":{"rendered":"https:\/\/optimetechnologies.com\/?page_id=860"},"modified":"2021-01-08T00:24:35","modified_gmt":"2021-01-08T00:24:35","slug":"consultoria","status":"publish","type":"page","link":"https:\/\/optimetechnologies.com\/index.php\/consultoria\/","title":{"rendered":"Consultoria"},"content":{"rendered":"\t\t<div data-elementor-type=\"wp-post\" data-elementor-id=\"860\" class=\"elementor elementor-860\">\n\t\t\t\t\t\t<div class=\"elementor-inner\">\n\t\t\t\t<div class=\"elementor-section-wrap\">\n\t\t\t\t\t\t\t\t\t<section class=\"elementor-section elementor-top-section elementor-element elementor-element-5ae83f1 elementor-section-content-bottom elementor-section-boxed elementor-section-height-default elementor-section-height-default elementor-invisible\" data-id=\"5ae83f1\" data-element_type=\"section\" data-settings=\"{&quot;background_background&quot;:&quot;classic&quot;,&quot;animation&quot;:&quot;fadeIn&quot;}\">\n\t\t\t\t\t\t\t<div class=\"elementor-background-overlay\"><\/div>\n\t\t\t\t\t\t\t<div class=\"elementor-container elementor-column-gap-no\">\n\t\t\t\t\t\t\t<div class=\"elementor-row\">\n\t\t\t\t\t<div class=\"elementor-column elementor-col-100 elementor-top-column elementor-element elementor-element-49ee3de\" data-id=\"49ee3de\" data-element_type=\"column\">\n\t\t\t<div class=\"elementor-column-wrap elementor-element-populated\">\n\t\t\t\t\t\t\t<div class=\"elementor-widget-wrap\">\n\t\t\t\t\t\t<div class=\"elementor-element elementor-element-c828001 elementor-invisible elementor-widget elementor-widget-heading\" data-id=\"c828001\" data-element_type=\"widget\" data-settings=\"{&quot;_animation&quot;:&quot;fadeInDown&quot;}\" data-widget_type=\"heading.default\">\n\t\t\t\t<div class=\"elementor-widget-container\">\n\t\t\t<h1 class=\"elementor-heading-title elementor-size-default\">CONSULTORIA<\/h1>\t\t<\/div>\n\t\t\t\t<\/div>\n\t\t\t\t<div class=\"elementor-element elementor-element-4fa1bbc elementor-widget elementor-widget-heading\" data-id=\"4fa1bbc\" data-element_type=\"widget\" data-widget_type=\"heading.default\">\n\t\t\t\t<div class=\"elementor-widget-container\">\n\t\t\t<h2 class=\"elementor-heading-title elementor-size-default\">Cambio de perpectiva para crear valor 360\u00b0<\/h2>\t\t<\/div>\n\t\t\t\t<\/div>\n\t\t\t\t\t\t<\/div>\n\t\t\t\t\t<\/div>\n\t\t<\/div>\n\t\t\t\t\t\t\t\t<\/div>\n\t\t\t\t\t<\/div>\n\t\t<\/section>\n\t\t\t\t<section class=\"elementor-section elementor-top-section elementor-element elementor-element-d9b0ff5 elementor-section-boxed elementor-section-height-default elementor-section-height-default\" data-id=\"d9b0ff5\" data-element_type=\"section\">\n\t\t\t\t\t\t<div class=\"elementor-container elementor-column-gap-default\">\n\t\t\t\t\t\t\t<div class=\"elementor-row\">\n\t\t\t\t\t<div class=\"elementor-column elementor-col-100 elementor-top-column elementor-element elementor-element-d6c124e\" data-id=\"d6c124e\" data-element_type=\"column\">\n\t\t\t<div class=\"elementor-column-wrap elementor-element-populated\">\n\t\t\t\t\t\t\t<div class=\"elementor-widget-wrap\">\n\t\t\t\t\t\t<div class=\"elementor-element elementor-element-d16f7fb elementor-widget elementor-widget-spacer\" data-id=\"d16f7fb\" data-element_type=\"widget\" data-widget_type=\"spacer.default\">\n\t\t\t\t<div class=\"elementor-widget-container\">\n\t\t\t\t\t<div class=\"elementor-spacer\">\n\t\t\t<div class=\"elementor-spacer-inner\"><\/div>\n\t\t<\/div>\n\t\t\t\t<\/div>\n\t\t\t\t<\/div>\n\t\t\t\t\t\t<\/div>\n\t\t\t\t\t<\/div>\n\t\t<\/div>\n\t\t\t\t\t\t\t\t<\/div>\n\t\t\t\t\t<\/div>\n\t\t<\/section>\n\t\t\t\t<section class=\"elementor-section elementor-top-section elementor-element elementor-element-67565d6 elementor-section-boxed elementor-section-height-default elementor-section-height-default\" data-id=\"67565d6\" data-element_type=\"section\">\n\t\t\t\t\t\t<div class=\"elementor-container elementor-column-gap-default\">\n\t\t\t\t\t\t\t<div class=\"elementor-row\">\n\t\t\t\t\t<div class=\"elementor-column elementor-col-50 elementor-top-column elementor-element elementor-element-ad431d1\" data-id=\"ad431d1\" data-element_type=\"column\">\n\t\t\t<div class=\"elementor-column-wrap elementor-element-populated\">\n\t\t\t\t\t\t\t<div class=\"elementor-widget-wrap\">\n\t\t\t\t\t\t<div class=\"elementor-element elementor-element-6bbfd80 elementor-invisible elementor-widget elementor-widget-image\" data-id=\"6bbfd80\" data-element_type=\"widget\" data-settings=\"{&quot;_animation&quot;:&quot;fadeInUp&quot;}\" data-widget_type=\"image.default\">\n\t\t\t\t<div class=\"elementor-widget-container\">\n\t\t\t\t\t\t\t\t<div class=\"elementor-image\">\n\t\t\t\t\t\t\t\t\t\t\t\t<img width=\"601\" height=\"589\" src=\"https:\/\/optimetechnologies.com\/wp-content\/uploads\/2020\/12\/Captura-de-Pantalla-2020-12-30-a-las-12.20.29-p.-m..png\" class=\"attachment-large size-large\" alt=\"\" loading=\"lazy\" srcset=\"https:\/\/optimetechnologies.com\/wp-content\/uploads\/2020\/12\/Captura-de-Pantalla-2020-12-30-a-las-12.20.29-p.-m..png 601w, https:\/\/optimetechnologies.com\/wp-content\/uploads\/2020\/12\/Captura-de-Pantalla-2020-12-30-a-las-12.20.29-p.-m.-300x294.png 300w\" sizes=\"(max-width: 601px) 100vw, 601px\" \/>\t\t\t\t\t\t\t\t\t\t\t\t\t\t<\/div>\n\t\t\t\t\t\t<\/div>\n\t\t\t\t<\/div>\n\t\t\t\t\t\t<\/div>\n\t\t\t\t\t<\/div>\n\t\t<\/div>\n\t\t\t\t<div class=\"elementor-column elementor-col-50 elementor-top-column elementor-element elementor-element-28cd4bc\" data-id=\"28cd4bc\" data-element_type=\"column\">\n\t\t\t<div class=\"elementor-column-wrap elementor-element-populated\">\n\t\t\t\t\t\t\t<div class=\"elementor-widget-wrap\">\n\t\t\t\t\t\t<div class=\"elementor-element elementor-element-12ec026 elementor-invisible elementor-widget elementor-widget-text-editor\" data-id=\"12ec026\" data-element_type=\"widget\" data-settings=\"{&quot;_animation&quot;:&quot;fadeInUp&quot;}\" data-widget_type=\"text-editor.default\">\n\t\t\t\t<div class=\"elementor-widget-container\">\n\t\t\t\t\t\t\t\t<div class=\"elementor-text-editor elementor-clearfix\">\n\t\t\t\t<p style=\"font-size: 17px; font-style: normal; font-weight: 500;\"><span style=\"font-size: 17px; color: #333333;\">En este mundo en constante cambio, las empresas deben pensar r\u00e1pido y mantenerse \u00e1giles. Y eso requiere estrategias que funcionen en el mundo real. Con experiencia en toda la cadena de valor, de principio a fin, OP\u2022TIME Technologies ayuda a los clientes a crear estrategias que no solo surgen del conocimiento, sino tambi\u00e9n del saber hacer.<\/span><\/p><p style=\"font-size: 17px; font-style: normal; font-weight: 500;\"><span style=\"font-size: 17px; color: #333333;\">Nuestro modelo integrado permite la creaci\u00f3n de valor de 360 \u00b0 al brindar a nuestros estrategas la ventaja de los conocimientos de OP\u2022TIME provenientes de la inteligencia artificial y la ciencia de datos y una profunda experiencia en la industria, combinada con la experiencia de operar de manera eficiente las funciones comerciales, optimizar y ejecutar cadenas de suministro, dise\u00f1ar e implementar tecnolog\u00eda y construir culturas y modelos operativos resilientes.<\/span><\/p><p style=\"font-size: 17px; font-style: normal; font-weight: 500;\"><span style=\"font-size: 17px;\"><span style=\"color: #333333;\">OP\u2022TIME Consulting aprovecha esta ventaja en nuestro trabajo con juntas directivas, directores ejecutivos y ejecutivos de alto nivel para crear valor de 360 \u00b0 para los accionistas y partes interesadas al definir y responder sus preguntas comerciales m\u00e1s estrat\u00e9gicas sobre temas como crecimiento, rentabilidad, transformaci\u00f3n impulsada por la tecnolog\u00eda, fusiones y adquisiciones, modelos operativos<\/span> y sostenibilidad.<\/span><\/p>\t\t\t\t\t<\/div>\n\t\t\t\t\t\t<\/div>\n\t\t\t\t<\/div>\n\t\t\t\t\t\t<\/div>\n\t\t\t\t\t<\/div>\n\t\t<\/div>\n\t\t\t\t\t\t\t\t<\/div>\n\t\t\t\t\t<\/div>\n\t\t<\/section>\n\t\t\t\t<section class=\"elementor-section elementor-top-section elementor-element elementor-element-eb4c2ef elementor-section-boxed elementor-section-height-default elementor-section-height-default\" data-id=\"eb4c2ef\" data-element_type=\"section\">\n\t\t\t\t\t\t<div class=\"elementor-container elementor-column-gap-default\">\n\t\t\t\t\t\t\t<div class=\"elementor-row\">\n\t\t\t\t\t<div class=\"elementor-column elementor-col-100 elementor-top-column elementor-element elementor-element-5066f5c\" data-id=\"5066f5c\" data-element_type=\"column\">\n\t\t\t<div class=\"elementor-column-wrap elementor-element-populated\">\n\t\t\t\t\t\t\t<div class=\"elementor-widget-wrap\">\n\t\t\t\t\t\t<div class=\"elementor-element elementor-element-b34c4a1 elementor-widget elementor-widget-image\" data-id=\"b34c4a1\" data-element_type=\"widget\" data-widget_type=\"image.default\">\n\t\t\t\t<div class=\"elementor-widget-container\">\n\t\t\t\t\t\t\t\t<div class=\"elementor-image\">\n\t\t\t\t\t\t\t\t\t\t\t\t<img width=\"768\" height=\"1024\" src=\"https:\/\/optimetechnologies.com\/wp-content\/uploads\/2021\/01\/Copy-of-OPTIME-SERVICIOS-CONSULTORIA-768x1024.png\" class=\"attachment-large size-large\" alt=\"\" loading=\"lazy\" srcset=\"https:\/\/optimetechnologies.com\/wp-content\/uploads\/2021\/01\/Copy-of-OPTIME-SERVICIOS-CONSULTORIA-768x1024.png 768w, https:\/\/optimetechnologies.com\/wp-content\/uploads\/2021\/01\/Copy-of-OPTIME-SERVICIOS-CONSULTORIA-225x300.png 225w, https:\/\/optimetechnologies.com\/wp-content\/uploads\/2021\/01\/Copy-of-OPTIME-SERVICIOS-CONSULTORIA-1152x1536.png 1152w, https:\/\/optimetechnologies.com\/wp-content\/uploads\/2021\/01\/Copy-of-OPTIME-SERVICIOS-CONSULTORIA.png 1500w\" sizes=\"(max-width: 768px) 100vw, 768px\" \/>\t\t\t\t\t\t\t\t\t\t\t\t\t\t<\/div>\n\t\t\t\t\t\t<\/div>\n\t\t\t\t<\/div>\n\t\t\t\t\t\t<\/div>\n\t\t\t\t\t<\/div>\n\t\t<\/div>\n\t\t\t\t\t\t\t\t<\/div>\n\t\t\t\t\t<\/div>\n\t\t<\/section>\n\t\t\t\t<section class=\"elementor-section elementor-top-section elementor-element elementor-element-7d01 elementor-section-content-middle elementor-section-boxed elementor-section-height-default elementor-section-height-default\" data-id=\"7d01\" data-element_type=\"section\">\n\t\t\t\t\t\t<div class=\"elementor-container elementor-column-gap-no\">\n\t\t\t\t\t\t\t<div class=\"elementor-row\">\n\t\t\t\t\t<div class=\"elementor-column elementor-col-100 elementor-top-column elementor-element elementor-element-ee8\" data-id=\"ee8\" data-element_type=\"column\">\n\t\t\t<div class=\"elementor-column-wrap elementor-element-populated\">\n\t\t\t\t\t\t\t<div class=\"elementor-widget-wrap\">\n\t\t\t\t\t\t<div class=\"elementor-element elementor-element-63b6 elementor-widget elementor-widget-heading\" data-id=\"63b6\" data-element_type=\"widget\" data-widget_type=\"heading.default\">\n\t\t\t\t<div class=\"elementor-widget-container\">\n\t\t\t<h4 class=\"elementor-heading-title elementor-size-medium\">Por que Op\u2022time\u2122 ?<\/h4>\t\t<\/div>\n\t\t\t\t<\/div>\n\t\t\t\t<div class=\"elementor-element elementor-element-62c9 elementor-widget elementor-widget-heading\" data-id=\"62c9\" data-element_type=\"widget\" data-widget_type=\"heading.default\">\n\t\t\t\t<div class=\"elementor-widget-container\">\n\t\t\t<h5 class=\"elementor-heading-title elementor-size-default\">la automatizaci\u00f3n de su empresa es un tema serio<\/h5>\t\t<\/div>\n\t\t\t\t<\/div>\n\t\t\t\t<div class=\"elementor-element elementor-element-52aa gallery-spacing-custom elementor-widget elementor-widget-image-gallery\" data-id=\"52aa\" data-element_type=\"widget\" data-widget_type=\"image-gallery.default\">\n\t\t\t\t<div class=\"elementor-widget-container\">\n\t\t\t\t\t<div class=\"elementor-image-gallery\">\n\t\t\t<div id='gallery-1' class='gallery galleryid-860 gallery-columns-3 gallery-size-full'><figure class='gallery-item'>\n\t\t\t<div class='gallery-icon landscape'>\n\t\t\t\t<a data-elementor-open-lightbox=\"yes\" data-elementor-lightbox-slideshow=\"52aa\" data-elementor-lightbox-title=\"ADAPTABILIDAD\" e-action-hash=\"#elementor-action%3Aaction%3Dlightbox%26settings%3DeyJpZCI6ODI5LCJ1cmwiOiJodHRwczpcL1wvb3B0aW1ldGVjaG5vbG9naWVzLmNvbVwvd3AtY29udGVudFwvdXBsb2Fkc1wvMjAyMFwvMTJcLzEtMS5qcGciLCJzbGlkZXNob3ciOiI1MmFhIn0%3D\" href='https:\/\/optimetechnologies.com\/wp-content\/uploads\/2020\/12\/1-1.jpg'><img width=\"490\" height=\"380\" src=\"https:\/\/optimetechnologies.com\/wp-content\/uploads\/2020\/12\/1-1.jpg\" class=\"attachment-full size-full\" alt=\"\" loading=\"lazy\" aria-describedby=\"gallery-1-829\" srcset=\"https:\/\/optimetechnologies.com\/wp-content\/uploads\/2020\/12\/1-1.jpg 490w, https:\/\/optimetechnologies.com\/wp-content\/uploads\/2020\/12\/1-1-300x233.jpg 300w\" sizes=\"(max-width: 490px) 100vw, 490px\" \/><\/a>\n\t\t\t<\/div>\n\t\t\t\t<figcaption class='wp-caption-text gallery-caption' id='gallery-1-829'>\n\t\t\t\tADAPTABILIDAD\n\t\t\t\t<\/figcaption><\/figure><figure class='gallery-item'>\n\t\t\t<div class='gallery-icon landscape'>\n\t\t\t\t<a data-elementor-open-lightbox=\"yes\" data-elementor-lightbox-slideshow=\"52aa\" data-elementor-lightbox-title=\"INNOVACION\" e-action-hash=\"#elementor-action%3Aaction%3Dlightbox%26settings%3DeyJpZCI6ODMwLCJ1cmwiOiJodHRwczpcL1wvb3B0aW1ldGVjaG5vbG9naWVzLmNvbVwvd3AtY29udGVudFwvdXBsb2Fkc1wvMjAyMFwvMTJcLzItMS5qcGciLCJzbGlkZXNob3ciOiI1MmFhIn0%3D\" href='https:\/\/optimetechnologies.com\/wp-content\/uploads\/2020\/12\/2-1.jpg'><img width=\"490\" height=\"380\" src=\"https:\/\/optimetechnologies.com\/wp-content\/uploads\/2020\/12\/2-1.jpg\" class=\"attachment-full size-full\" alt=\"\" loading=\"lazy\" aria-describedby=\"gallery-1-830\" srcset=\"https:\/\/optimetechnologies.com\/wp-content\/uploads\/2020\/12\/2-1.jpg 490w, https:\/\/optimetechnologies.com\/wp-content\/uploads\/2020\/12\/2-1-300x233.jpg 300w\" sizes=\"(max-width: 490px) 100vw, 490px\" \/><\/a>\n\t\t\t<\/div>\n\t\t\t\t<figcaption class='wp-caption-text gallery-caption' id='gallery-1-830'>\n\t\t\t\tINNOVACION\n\t\t\t\t<\/figcaption><\/figure><figure class='gallery-item'>\n\t\t\t<div class='gallery-icon landscape'>\n\t\t\t\t<a data-elementor-open-lightbox=\"yes\" data-elementor-lightbox-slideshow=\"52aa\" data-elementor-lightbox-title=\"SERVICIO\" e-action-hash=\"#elementor-action%3Aaction%3Dlightbox%26settings%3DeyJpZCI6ODMxLCJ1cmwiOiJodHRwczpcL1wvb3B0aW1ldGVjaG5vbG9naWVzLmNvbVwvd3AtY29udGVudFwvdXBsb2Fkc1wvMjAyMFwvMTJcLzMuanBnIiwic2xpZGVzaG93IjoiNTJhYSJ9\" href='https:\/\/optimetechnologies.com\/wp-content\/uploads\/2020\/12\/3.jpg'><img width=\"490\" height=\"380\" src=\"https:\/\/optimetechnologies.com\/wp-content\/uploads\/2020\/12\/3.jpg\" class=\"attachment-full size-full\" alt=\"\" loading=\"lazy\" aria-describedby=\"gallery-1-831\" srcset=\"https:\/\/optimetechnologies.com\/wp-content\/uploads\/2020\/12\/3.jpg 490w, https:\/\/optimetechnologies.com\/wp-content\/uploads\/2020\/12\/3-300x233.jpg 300w\" sizes=\"(max-width: 490px) 100vw, 490px\" \/><\/a>\n\t\t\t<\/div>\n\t\t\t\t<figcaption class='wp-caption-text gallery-caption' id='gallery-1-831'>\n\t\t\t\tSERVICIO\n\t\t\t\t<\/figcaption><\/figure><figure class='gallery-item'>\n\t\t\t<div class='gallery-icon landscape'>\n\t\t\t\t<a data-elementor-open-lightbox=\"yes\" data-elementor-lightbox-slideshow=\"52aa\" data-elementor-lightbox-title=\"INTEGRACION\" e-action-hash=\"#elementor-action%3Aaction%3Dlightbox%26settings%3DeyJpZCI6ODMyLCJ1cmwiOiJodHRwczpcL1wvb3B0aW1ldGVjaG5vbG9naWVzLmNvbVwvd3AtY29udGVudFwvdXBsb2Fkc1wvMjAyMFwvMTJcLzQuanBnIiwic2xpZGVzaG93IjoiNTJhYSJ9\" href='https:\/\/optimetechnologies.com\/wp-content\/uploads\/2020\/12\/4.jpg'><img width=\"490\" height=\"380\" src=\"https:\/\/optimetechnologies.com\/wp-content\/uploads\/2020\/12\/4.jpg\" class=\"attachment-full size-full\" alt=\"\" loading=\"lazy\" aria-describedby=\"gallery-1-832\" srcset=\"https:\/\/optimetechnologies.com\/wp-content\/uploads\/2020\/12\/4.jpg 490w, https:\/\/optimetechnologies.com\/wp-content\/uploads\/2020\/12\/4-300x233.jpg 300w\" sizes=\"(max-width: 490px) 100vw, 490px\" \/><\/a>\n\t\t\t<\/div>\n\t\t\t\t<figcaption class='wp-caption-text gallery-caption' id='gallery-1-832'>\n\t\t\t\tINTEGRACION\n\t\t\t\t<\/figcaption><\/figure><figure class='gallery-item'>\n\t\t\t<div class='gallery-icon landscape'>\n\t\t\t\t<a data-elementor-open-lightbox=\"yes\" data-elementor-lightbox-slideshow=\"52aa\" data-elementor-lightbox-title=\"ALIANZAS\" e-action-hash=\"#elementor-action%3Aaction%3Dlightbox%26settings%3DeyJpZCI6ODMzLCJ1cmwiOiJodHRwczpcL1wvb3B0aW1ldGVjaG5vbG9naWVzLmNvbVwvd3AtY29udGVudFwvdXBsb2Fkc1wvMjAyMFwvMTJcLzUuanBnIiwic2xpZGVzaG93IjoiNTJhYSJ9\" href='https:\/\/optimetechnologies.com\/wp-content\/uploads\/2020\/12\/5.jpg'><img width=\"490\" height=\"380\" src=\"https:\/\/optimetechnologies.com\/wp-content\/uploads\/2020\/12\/5.jpg\" class=\"attachment-full size-full\" alt=\"\" loading=\"lazy\" aria-describedby=\"gallery-1-833\" srcset=\"https:\/\/optimetechnologies.com\/wp-content\/uploads\/2020\/12\/5.jpg 490w, https:\/\/optimetechnologies.com\/wp-content\/uploads\/2020\/12\/5-300x233.jpg 300w\" sizes=\"(max-width: 490px) 100vw, 490px\" \/><\/a>\n\t\t\t<\/div>\n\t\t\t\t<figcaption class='wp-caption-text gallery-caption' id='gallery-1-833'>\n\t\t\t\tALIANZAS\n\t\t\t\t<\/figcaption><\/figure>\n\t\t<\/div>\n\t\t<\/div>\n\t\t\t\t<\/div>\n\t\t\t\t<\/div>\n\t\t\t\t\t\t<\/div>\n\t\t\t\t\t<\/div>\n\t\t<\/div>\n\t\t\t\t\t\t\t\t<\/div>\n\t\t\t\t\t<\/div>\n\t\t<\/section>\n\t\t\t\t\t\t\t\t\t<\/div>\n\t\t\t<\/div>\n\t\t\t\t\t<\/div>\n\t\t","protected":false},"excerpt":{"rendered":"<p>CONSULTORIA Cambio de perpectiva para crear valor 360\u00b0 En este mundo en constante cambio, las empresas deben pensar r\u00e1pido y mantenerse \u00e1giles. Y eso requiere estrategias que funcionen en el mundo real. Con experiencia en toda la cadena de valor, de principio a fin, OP\u2022TIME Technologies ayuda a los clientes a crear estrategias que no [&hellip;]<\/p>\n","protected":false},"author":2,"featured_media":0,"parent":0,"menu_order":0,"comment_status":"closed","ping_status":"closed","template":"","meta":{"site-sidebar-layout":"no-sidebar","site-content-layout":"page-builder","ast-site-content-layout":"default","site-content-style":"default","site-sidebar-style":"default","ast-global-header-display":"","ast-banner-title-visibility":"","ast-main-header-display":"","ast-hfb-above-header-display":"","ast-hfb-below-header-display":"","ast-hfb-mobile-header-display":"","site-post-title":"disabled","ast-breadcrumbs-content":"","ast-featured-img":"disabled","footer-sml-layout":"","ast-disable-related-posts":"","theme-transparent-header-meta":"enabled","adv-header-id-meta":"","stick-header-meta":"","header-above-stick-meta":"","header-main-stick-meta":"","header-below-stick-meta":"","astra-migrate-meta-layouts":"default","ast-page-background-enabled":"default","ast-page-background-meta":{"desktop":{"background-color":"","background-image":"","background-repeat":"repeat","background-position":"center center","background-size":"auto","background-attachment":"scroll","background-type":"","background-media":"","overlay-type":"","overlay-color":"","overlay-opacity":"","overlay-gradient":""},"tablet":{"background-color":"","background-image":"","background-repeat":"repeat","background-position":"center center","background-size":"auto","background-attachment":"scroll","background-type":"","background-media":"","overlay-type":"","overlay-color":"","overlay-opacity":"","overlay-gradient":""},"mobile":{"background-color":"","background-image":"","background-repeat":"repeat","background-position":"center center","background-size":"auto","background-attachment":"scroll","background-type":"","background-media":"","overlay-type":"","overlay-color":"","overlay-opacity":"","overlay-gradient":""}},"ast-content-background-meta":{"desktop":{"background-color":"var(--ast-global-color-5)","background-image":"","background-repeat":"repeat","background-position":"center center","background-size":"auto","background-attachment":"scroll","background-type":"","background-media":"","overlay-type":"","overlay-color":"","overlay-opacity":"","overlay-gradient":""},"tablet":{"background-color":"var(--ast-global-color-5)","background-image":"","background-repeat":"repeat","background-position":"center center","background-size":"auto","background-attachment":"scroll","background-type":"","background-media":"","overlay-type":"","overlay-color":"","overlay-opacity":"","overlay-gradient":""},"mobile":{"background-color":"var(--ast-global-color-5)","background-image":"","background-repeat":"repeat","background-position":"center center","background-size":"auto","background-attachment":"scroll","background-type":"","background-media":"","overlay-type":"","overlay-color":"","overlay-opacity":"","overlay-gradient":""}}},"_links":{"self":[{"href":"https:\/\/optimetechnologies.com\/index.php\/wp-json\/wp\/v2\/pages\/860"}],"collection":[{"href":"https:\/\/optimetechnologies.com\/index.php\/wp-json\/wp\/v2\/pages"}],"about":[{"href":"https:\/\/optimetechnologies.com\/index.php\/wp-json\/wp\/v2\/types\/page"}],"author":[{"embeddable":true,"href":"https:\/\/optimetechnologies.com\/index.php\/wp-json\/wp\/v2\/users\/2"}],"replies":[{"embeddable":true,"href":"https:\/\/optimetechnologies.com\/index.php\/wp-json\/wp\/v2\/comments?post=860"}],"version-history":[{"count":0,"href":"https:\/\/optimetechnologies.com\/index.php\/wp-json\/wp\/v2\/pages\/860\/revisions"}],"wp:attachment":[{"href":"https:\/\/optimetechnologies.com\/index.php\/wp-json\/wp\/v2\/media?parent=860"}],"curies":[{"name":"wp","href":"https:\/\/api.w.org\/{rel}","templated":true}]}}